{"id":345,"date":"2025-10-06T13:15:31","date_gmt":"2025-10-06T13:15:31","guid":{"rendered":"https:\/\/alfaenfermeras.com\/?page_id=345"},"modified":"2025-10-06T13:15:51","modified_gmt":"2025-10-06T13:15:51","slug":"politica-de-tratamiento-de-datos-personales","status":"publish","type":"page","link":"https:\/\/alfaenfermeras.com\/index.php\/politica-de-tratamiento-de-datos-personales\/","title":{"rendered":"Pol\u00edtica de Tratamiento de Datos Personales"},"content":{"rendered":"\t\t<div data-elementor-type=\"wp-page\" data-elementor-id=\"345\" class=\"elementor elementor-345\">\n\t\t\t\t\t\t<div class=\"elementor-inner\">\n\t\t\t\t<div class=\"elementor-section-wrap\">\n\t\t\t\t\t\t\t\t\t<section class=\"elementor-section elementor-top-section elementor-element elementor-element-3034422 elementor-section-boxed elementor-section-height-default elementor-section-height-default\" data-id=\"3034422\" data-element_type=\"section\">\n\t\t\t\t\t\t<div class=\"elementor-container elementor-column-gap-default\">\n\t\t\t\t\t\t\t<div class=\"elementor-row\">\n\t\t\t\t\t<div class=\"aux-parallax-section elementor-column elementor-col-100 elementor-top-column elementor-element elementor-element-0814c9a\" data-id=\"0814c9a\" data-element_type=\"column\">\n\t\t\t<div class=\"elementor-column-wrap elementor-element-populated\">\n\t\t\t\t\t\t\t<div class=\"elementor-widget-wrap\">\n\t\t\t\t\t\t<div class=\"elementor-element elementor-element-1115e65 elementor-widget elementor-widget-text-editor\" data-id=\"1115e65\" data-element_type=\"widget\" data-widget_type=\"text-editor.default\">\n\t\t\t\t<div class=\"elementor-widget-container\">\n\t\t\t\t\t\t\t\t<div class=\"elementor-text-editor elementor-clearfix\">\n\t\t\t\t<section class=\"politica-datos\">\n\n<strong>Alfa Enfermeras<\/strong>, con domicilio en Bogot\u00e1, Colombia, en cumplimiento de la Ley 1581 de 2012, el Decreto 1377 de 2013 y dem\u00e1s normas concordantes sobre protecci\u00f3n de datos personales, informa a los usuarios de su sitio web\n<a href=\"https:\/\/alfaenfermeras.com\/\" target=\"_blank\" rel=\"noopener\">https:\/\/alfaenfermeras.com\/<\/a> acerca de su pol\u00edtica de tratamiento de datos:\n<h2>1. Responsable del Tratamiento<\/h2>\n<ul>\n \t<li><strong>Nombre o raz\u00f3n social:<\/strong> Alfa Enfermeras<\/li>\n \t<li><strong>Correo electr\u00f3nico:<\/strong> <a href=\"mailto:alfaenfermerascolombia@gmail.com\">alfaenfermerascolombia@gmail.com<\/a><\/li>\n \t<li><strong>Tel\u00e9fono:<\/strong> <a href=\"tel:+573006117678\">300 6117678<\/a><\/li>\n \t<li><strong>Ciudad\/pa\u00eds:<\/strong> Bogot\u00e1, Colombia<\/li>\n<\/ul>\n<h2>2. Finalidad del Tratamiento<\/h2>\nLos datos personales solicitados a trav\u00e9s del formulario de contacto ser\u00e1n utilizados \u00fanicamente para:\n<ul>\n \t<li>Atender solicitudes, consultas o comunicaciones enviadas por los usuarios.<\/li>\n \t<li>Proveer informaci\u00f3n relacionada con los servicios ofrecidos por Alfa Enfermeras.<\/li>\n \t<li>Mantener contacto para fines administrativos y de atenci\u00f3n al cliente.<\/li>\n<\/ul>\nEn ning\u00fan caso los datos ser\u00e1n vendidos, compartidos o cedidos a terceros no autorizados.\n<h2>3. Derechos del Titular<\/h2>\nEl titular de los datos podr\u00e1, en cualquier momento y de forma gratuita, ejercer sus derechos de:\n<ul>\n \t<li>Acceder a sus datos personales.<\/li>\n \t<li>Conocer, actualizar y rectificar la informaci\u00f3n.<\/li>\n \t<li>Solicitar la supresi\u00f3n de los datos cuando no se respeten los principios, derechos y garant\u00edas legales.<\/li>\n \t<li>Revocar la autorizaci\u00f3n otorgada para el tratamiento de sus datos.<\/li>\n<\/ul>\n<h2>4. Procedimiento para Ejercer Derechos<\/h2>\nPara ejercer los derechos, el titular podr\u00e1 enviar una solicitud escrita al correo\n<a href=\"mailto:alfaenfermerascolombia@gmail.com\">alfaenfermerascolombia@gmail.com<\/a>, indicando su nombre completo, n\u00famero de identificaci\u00f3n y la petici\u00f3n concreta (consulta, actualizaci\u00f3n, rectificaci\u00f3n, revocatoria o supresi\u00f3n).\n<h2>5. Medidas de Seguridad<\/h2>\nAlfa Enfermeras adopta las medidas de seguridad necesarias para proteger la informaci\u00f3n suministrada por los usuarios, evitando su p\u00e9rdida, uso indebido, alteraci\u00f3n, acceso no autorizado o robo.\n<h2>6. Vigencia<\/h2>\nLa presente pol\u00edtica entra en vigencia a partir de su publicaci\u00f3n y permanecer\u00e1 disponible en el sitio web\n<a href=\"https:\/\/alfaenfermeras.com\/\" target=\"_blank\" rel=\"noopener\">https:\/\/alfaenfermeras.com\/<\/a>.\n\n<\/section>\t\t\t\t\t<\/div>\n\t\t\t\t\t\t<\/div>\n\t\t\t\t<\/div>\n\t\t\t\t\t\t<\/div>\n\t\t\t\t\t<\/div>\n\t\t<\/div>\n\t\t\t\t\t\t\t\t<\/div>\n\t\t\t\t\t<\/div>\n\t\t<\/section>\n\t\t\t\t\t\t\t\t\t<\/div>\n\t\t\t<\/div>\n\t\t\t\t\t<\/div>\n\t\t","protected":false},"excerpt":{"rendered":"<p>Alfa Enfermeras, con domicilio en Bogot\u00e1, Colombia, en cumplimiento de la Ley 1581 de 2012, el Decreto 1377 de 2013 y dem\u00e1s normas concordantes sobre protecci\u00f3n de datos personales, informa a los usuarios de su sitio web https:\/\/alfaenfermeras.com\/ acerca de su pol\u00edtica de tratamiento de datos: 1. Responsable del Tratamiento Nombre o raz\u00f3n social: Alfa [&hellip;]<\/p>\n","protected":false},"author":2,"featured_media":0,"parent":0,"menu_order":0,"comment_status":"closed","ping_status":"closed","template":"templates\/page-builder-content.php","meta":{"_monsterinsights_skip_tracking":false,"_monsterinsights_sitenote_active":false,"_monsterinsights_sitenote_note":"","_monsterinsights_sitenote_category":0},"aioseo_notices":[],"_links":{"self":[{"href":"https:\/\/alfaenfermeras.com\/index.php\/wp-json\/wp\/v2\/pages\/345"}],"collection":[{"href":"https:\/\/alfaenfermeras.com\/index.php\/wp-json\/wp\/v2\/pages"}],"about":[{"href":"https:\/\/alfaenfermeras.com\/index.php\/wp-json\/wp\/v2\/types\/page"}],"author":[{"embeddable":true,"href":"https:\/\/alfaenfermeras.com\/index.php\/wp-json\/wp\/v2\/users\/2"}],"replies":[{"embeddable":true,"href":"https:\/\/alfaenfermeras.com\/index.php\/wp-json\/wp\/v2\/comments?post=345"}],"version-history":[{"count":4,"href":"https:\/\/alfaenfermeras.com\/index.php\/wp-json\/wp\/v2\/pages\/345\/revisions"}],"predecessor-version":[{"id":349,"href":"https:\/\/alfaenfermeras.com\/index.php\/wp-json\/wp\/v2\/pages\/345\/revisions\/349"}],"wp:attachment":[{"href":"https:\/\/alfaenfermeras.com\/index.php\/wp-json\/wp\/v2\/media?parent=345"}],"curies":[{"name":"wp","href":"https:\/\/api.w.org\/{rel}","templated":true}]}}